{"id":941,"date":"2022-04-16T16:46:22","date_gmt":"2022-04-16T16:46:22","guid":{"rendered":"https:\/\/kaljanubaras.lt\/?page_id=941"},"modified":"2025-03-22T20:53:05","modified_gmt":"2025-03-22T20:53:05","slug":"kaljanu-klubo-vidaus-taisykles","status":"publish","type":"page","link":"https:\/\/kaljanubaras.lt\/en\/hookah-club-inside-rules\/","title":{"rendered":"Hookah Lounge Vilnius - internal rules of Hookah Club"},"content":{"rendered":"<h2 class=\"wp-block-heading\"><img loading=\"lazy\" decoding=\"async\" class=\"alignnone wp-image-603\" src=\"https:\/\/kaljanubaras.lt\/wp-content\/uploads\/2022\/04\/Kaljanu-baras-Vilniuje-Uzupis-1030x618.jpg\" alt=\"\" width=\"545\" height=\"327\" srcset=\"https:\/\/kaljanubaras.lt\/wp-content\/uploads\/2022\/04\/Kaljanu-baras-Vilniuje-Uzupis-1030x618.jpg 1030w, https:\/\/kaljanubaras.lt\/wp-content\/uploads\/2022\/04\/Kaljanu-baras-Vilniuje-Uzupis-300x180.jpg 300w, https:\/\/kaljanubaras.lt\/wp-content\/uploads\/2022\/04\/Kaljanu-baras-Vilniuje-Uzupis-768x461.jpg 768w, https:\/\/kaljanubaras.lt\/wp-content\/uploads\/2022\/04\/Kaljanu-baras-Vilniuje-Uzupis-705x423.jpg 705w, https:\/\/kaljanubaras.lt\/wp-content\/uploads\/2022\/04\/Kaljanu-baras-Vilniuje-Uzupis-600x360.jpg 600w, https:\/\/kaljanubaras.lt\/wp-content\/uploads\/2022\/04\/Kaljanu-baras-Vilniuje-Uzupis.jpg 1500w\" sizes=\"auto, (max-width: 545px) 100vw, 545px\" \/><\/h2>\r\n<h2>Hookah Lounge Vilnius \u2013 Internal rules of a private hookah club<\/h2>\r\n\r\n\r\n\r\n\r\n\r\n<p><strong>Our team sincerely strives for you to relax and unwind after a hard day\u2019s work. In order to avoid misunderstandings together and have a good time at the hookah house, please read the rules of our hookah club:<\/strong><\/p>\r\n<p>1. Responsible person in our institution - administrator (Kalajn\u0173 meistras). Customers who maliciously do not follow the rules can be asked from the bar (after paying the bill).<\/p>\r\n<p>2. In accordance with the applicable laws on smoking, our institution admits persons who have already reached the age of 18.<\/p>\r\n<p>3. The service staff may ask the customer to provide an identity document proving the customer&#039;s age.<\/p>\r\n<p>4. Employees have the right to refuse to serve excessively intoxicated or intoxicated persons who endanger other customers, employees, the bar.<\/p>\r\n<p>5. Smoking cigarettes and making noise in the outdoor area at the entrance to the hookah bar is strictly prohibited, according to a joint agreement between the hookah club Hookah Lounge Vilnius and the residents.<\/p>\r\n<p>6. The duration of one hookah smoking session is about 1:30 p.m. The price of a hookah session depends on the number of people at the table. According to hygiene norms, it is recommended to smoke one hookah for a maximum of two people. Remember to use disposable mouthpieces.<\/p>\r\n<p>7. If you are smoking a hookah for the first time, alert your hookah master.<\/p>\r\n<p>8. When the hookah master presents you with a hookah, please appreciate the taste and strength. If most people who smoke it don\u2019t like the taste, we can change it, but no later than 5min. From the beginning of the session.<\/p>\r\n<p>9. If you are hungry, you can order food with delivery to our bar. There is a \u20ac 5 &quot;plate&quot; fee per person. Do not consume your own (soft, alcoholic, etc.) drinks brought to the bar.<\/p>\r\n<p>10. In the event of damage to or damage to the bar property, you will be required to pay the specified amount specified in the price list.<\/p>\r\n<p>11. For the convenience of guests, we recommend reserving a table by calling in advance <a href=\"tel: 370 62443377\">+370 62443377<\/a>. When booking a table, please specify the exact time of arrival, the number of people and your name. In case of no-show or no-show, the reservation will be canceled after 15 minutes.<\/p>\r\n<p>12. Private booking fee \u2013 from \u20ac45 (2-3 hours), minimum number of people 4. Missing booking amount is calculated additionally.\u00a0<\/p>\r\n<p><strong>We kindly ask you to follow the rules of the hookah club, and our team will take care of your good rest.<\/strong><\/p>","protected":false},"excerpt":{"rendered":"<p>Hookah Lounge Vilnius &#8211; Privataus kaljan\u0173 klubo vidaus taisykl\u0117s M\u016bs\u0173 kolektyvas nuo\u0161ird\u017eiai stengiasi, kad j\u016bs gal\u0117tum\u0117te atsipalaiduoti ir pails\u0117ti po sunki\u0173 dienos darb\u0173. tam, kad gal\u0117tume kartu i\u0161vengti nesusipratim\u0173 ir maloniai praleisti laik\u0105 kaljano namuose, pra\u0161ome susipa\u017einti su m\u016bs\u0173 kaljan\u0173 klubo taisykl\u0117mis: 1. Atsakingas \u017emogus m\u016bs\u0173 \u012fstaigoje \u2013 administratorius (Kalajn\u0173 meistras). Klientai, piktybi\u0161kai nesilaikantys taisykli\u0173, [&hellip;]<\/p>","protected":false},"author":1,"featured_media":0,"parent":0,"menu_order":0,"comment_status":"closed","ping_status":"closed","template":"","meta":{"footnotes":""},"class_list":["post-941","page","type-page","status-publish","hentry"],"_links":{"self":[{"href":"https:\/\/kaljanubaras.lt\/en\/wp-json\/wp\/v2\/pages\/941","targetHints":{"allow":["GET"]}}],"collection":[{"href":"https:\/\/kaljanubaras.lt\/en\/wp-json\/wp\/v2\/pages"}],"about":[{"href":"https:\/\/kaljanubaras.lt\/en\/wp-json\/wp\/v2\/types\/page"}],"author":[{"embeddable":true,"href":"https:\/\/kaljanubaras.lt\/en\/wp-json\/wp\/v2\/users\/1"}],"replies":[{"embeddable":true,"href":"https:\/\/kaljanubaras.lt\/en\/wp-json\/wp\/v2\/comments?post=941"}],"version-history":[{"count":18,"href":"https:\/\/kaljanubaras.lt\/en\/wp-json\/wp\/v2\/pages\/941\/revisions"}],"predecessor-version":[{"id":1552,"href":"https:\/\/kaljanubaras.lt\/en\/wp-json\/wp\/v2\/pages\/941\/revisions\/1552"}],"wp:attachment":[{"href":"https:\/\/kaljanubaras.lt\/en\/wp-json\/wp\/v2\/media?parent=941"}],"curies":[{"name":"wp","href":"https:\/\/api.w.org\/{rel}","templated":true}]}}